{"id":1547,"date":"2022-01-03T03:57:40","date_gmt":"2022-01-03T03:57:40","guid":{"rendered":"https:\/\/themeim.com\/wp\/flynext\/?page_id=1547"},"modified":"2025-03-24T01:32:54","modified_gmt":"2025-03-24T01:32:54","slug":"faqs","status":"publish","type":"page","link":"https:\/\/tocumenroyalsaloon.com\/br\/faqs\/","title":{"rendered":"Perguntas frequentes"},"content":{"rendered":"\t\t<div data-elementor-type=\"wp-page\" data-elementor-id=\"1547\" class=\"elementor elementor-1547\" data-elementor-post-type=\"page\">\n\t\t\t\t\t\t<div class=\"elementor-section elementor-top-section elementor-element elementor-element-1e38779 elementor-section-stretched elementor-section-boxed elementor-section-height-default elementor-section-height-default\" data-id=\"1e38779\" data-element_type=\"section\" data-e-type=\"section\" data-settings=\"{&quot;stretch_section&quot;:&quot;section-stretched&quot;,&quot;background_background&quot;:&quot;classic&quot;}\">\n\t\t\t\t\t\t<div class=\"elementor-container elementor-column-gap-default\">\n\t\t\t\t\t<div class=\"elementor-column elementor-col-100 elementor-top-column elementor-element elementor-element-bf54212\" data-id=\"bf54212\" data-element_type=\"column\" data-e-type=\"column\">\n\t\t\t<div class=\"elementor-widget-wrap elementor-element-populated\">\n\t\t\t\t\t\t<div class=\"elementor-element elementor-element-6fd7056 elementor-widget elementor-widget-flynext-theme-heading-title-one-widget\" data-id=\"6fd7056\" data-element_type=\"widget\" data-e-type=\"widget\" data-widget_type=\"flynext-theme-heading-title-one-widget.default\">\n\t\t\t\t<div class=\"elementor-widget-container\">\n\t\t\t\t\t        <div class=\"theme-heading-title\" style=\"text-align:center\">\r\n            <div class=\"subtitle \">\r\n                                Somos muito mais do que uma sala VIP                            <\/div>\r\n            <h3 class=\"title\">\r\n                Viva cada momento da sua viagem com a \nexclusividade que voc\u00ea merece!            <\/h3>\r\n            <p>Fa\u00e7a da sua passagem pelo aeroporto uma experi\u00eancia mais r\u00e1pida e eficiente com nossos servi\u00e7os preferenciais para chegadas, partidas e conex\u00f5es\n<\/p>        <\/div>\r\n        \t\t\t\t<\/div>\n\t\t\t\t<\/div>\n\t\t\t\t<section class=\"elementor-section elementor-inner-section elementor-element elementor-element-d2a206c elementor-section-boxed elementor-section-height-default elementor-section-height-default\" data-id=\"d2a206c\" data-element_type=\"section\" data-e-type=\"section\">\n\t\t\t\t\t\t<div class=\"elementor-container elementor-column-gap-default\">\n\t\t\t\t\t<div class=\"elementor-column elementor-col-50 elementor-inner-column elementor-element elementor-element-ab7a639\" data-id=\"ab7a639\" data-element_type=\"column\" data-e-type=\"column\">\n\t\t\t<div class=\"elementor-widget-wrap elementor-element-populated\">\n\t\t\t\t\t\t<div class=\"elementor-element elementor-element-59d4873 elementor-widget elementor-widget-flynext-accordion-one-widget\" data-id=\"59d4873\" data-element_type=\"widget\" data-e-type=\"widget\" data-widget_type=\"flynext-accordion-one-widget.default\">\n\t\t\t\t<div class=\"elementor-widget-container\">\n\t\t\t\t\t        <div class=\"accordion-wrapper\">\n            <div id=\"accordion-804598\">\n                                    <div class=\"card\">\n                        <div class=\"card-header\" id=\"headingOne_369965\">\n                            <a class=\"\" data-toggle=\"collapse\" role=\"button\"\n                               data-target=\"#collapseOne_369965\"\n                               aria-expanded=\"true\"\n                               aria-controls=\"collapseOne_369965\">\n                                Onde est\u00e1 localizada a SALA VIP \/ TOCUMEN ROYAL SALOON?                            <\/a>\n                        <\/div>\n                        <div id=\"collapseOne_369965\"\n                             class=\"collapse show\"\n                             data-parent=\"#accordion-804598\">\n                            \n                                <div class=\"card-body\">\n                                    Encontre nossa sala no Aeroporto Internacional de Tocumen (Cidade do Panam\u00e1), no N\u00edvel 3 da Terminal 1\n                                <\/div>\n                                                    <\/div>\n                    <\/div>\n                                    <div class=\"card\">\n                        <div class=\"card-header\" id=\"headingOne_448858\">\n                            <a class=\"collapsed\" data-toggle=\"collapse\" role=\"button\"\n                               data-target=\"#collapseOne_448858\"\n                               aria-expanded=\"false\"\n                               aria-controls=\"collapseOne_448858\">\n                                Voc\u00eas t\u00eam planos especiais para empresas?                            <\/a>\n                        <\/div>\n                        <div id=\"collapseOne_448858\"\n                             class=\"collapse \"\n                             data-parent=\"#accordion-804598\">\n                            \n                                <div class=\"card-body\">\n                                    Sim, ajustamos planos corporativos de acordo com as necessidades de cada empresa. Por favor, clique no bot\u00e3o de contato via WhatsApp para fornecer mais informa\u00e7\u00f5es.\n                                <\/div>\n                                                    <\/div>\n                    <\/div>\n                                    <div class=\"card\">\n                        <div class=\"card-header\" id=\"headingOne_458626\">\n                            <a class=\"collapsed\" data-toggle=\"collapse\" role=\"button\"\n                               data-target=\"#collapseOne_458626\"\n                               aria-expanded=\"false\"\n                               aria-controls=\"collapseOne_458626\">\n                                O servi\u00e7o de acompanhamento VIP est\u00e1 dispon\u00edvel  para crian\u00e7as que viajam sozinhas?                            <\/a>\n                        <\/div>\n                        <div id=\"collapseOne_458626\"\n                             class=\"collapse \"\n                             data-parent=\"#accordion-804598\">\n                            \n                                <div class=\"card-body\">\n                                    Sim, contamos com um servi\u00e7o personalizado. Feito especialmente \npara atender \u00e0s necessidades das crian\u00e7as e manter os pais informados \nsobre cada etapa do processo.                                <\/div>\n                                                    <\/div>\n                    <\/div>\n                            <\/div>\n        <\/div>\n        \t\t\t\t<\/div>\n\t\t\t\t<\/div>\n\t\t\t\t\t<\/div>\n\t\t<\/div>\n\t\t\t\t<div class=\"elementor-column elementor-col-50 elementor-inner-column elementor-element elementor-element-0282710\" data-id=\"0282710\" data-element_type=\"column\" data-e-type=\"column\">\n\t\t\t<div class=\"elementor-widget-wrap elementor-element-populated\">\n\t\t\t\t\t\t<div class=\"elementor-element elementor-element-51c2cf0 elementor-widget elementor-widget-flynext-accordion-one-widget\" data-id=\"51c2cf0\" data-element_type=\"widget\" data-e-type=\"widget\" data-widget_type=\"flynext-accordion-one-widget.default\">\n\t\t\t\t<div class=\"elementor-widget-container\">\n\t\t\t\t\t        <div class=\"accordion-wrapper\">\n            <div id=\"accordion-620598\">\n                                    <div class=\"card\">\n                        <div class=\"card-header\" id=\"headingOne_339936\">\n                            <a class=\"\" data-toggle=\"collapse\" role=\"button\"\n                               data-target=\"#collapseOne_339936\"\n                               aria-expanded=\"true\"\n                               aria-controls=\"collapseOne_339936\">\n                                Quais s\u00e3o os hor\u00e1rios de uso da sala e de reservas?                            <\/a>\n                        <\/div>\n                        <div id=\"collapseOne_339936\"\n                             class=\"collapse show\"\n                             data-parent=\"#accordion-620598\">\n                            \n                                <div class=\"card-body\">\n                                    Uso da sala dispon\u00edvel de domingo a domingo: 5:00 \u00e0s  22:00. Para reservas de domingo a domingo: 6:00 \u00e0s 19:00.                                <\/div>\n                                                    <\/div>\n                    <\/div>\n                                    <div class=\"card\">\n                        <div class=\"card-header\" id=\"headingOne_75682\">\n                            <a class=\"collapsed\" data-toggle=\"collapse\" role=\"button\"\n                               data-target=\"#collapseOne_75682\"\n                               aria-expanded=\"false\"\n                               aria-controls=\"collapseOne_75682\">\n                                Posso comprar um servi\u00e7o de acompanhamento para partida e chegada?                            <\/a>\n                        <\/div>\n                        <div id=\"collapseOne_75682\"\n                             class=\"collapse \"\n                             data-parent=\"#accordion-620598\">\n                            \n                                <div class=\"card-body\">\n                                    Voc\u00ea pode fazer isso apenas para a sua partida, ou apenas para a chegada. \nOu para os dois trajetos.\n                                <\/div>\n                                                    <\/div>\n                    <\/div>\n                                    <div class=\"card\">\n                        <div class=\"card-header\" id=\"headingOne_947884\">\n                            <a class=\"collapsed\" data-toggle=\"collapse\" role=\"button\"\n                               data-target=\"#collapseOne_947884\"\n                               aria-expanded=\"false\"\n                               aria-controls=\"collapseOne_947884\">\n                                Posso reservar um servi\u00e7o de transporte porta a  porta?                            <\/a>\n                        <\/div>\n                        <div id=\"collapseOne_947884\"\n                             class=\"collapse \"\n                             data-parent=\"#accordion-620598\">\n                            \n                                <div class=\"card-body\">\n                                    Com nosso servi\u00e7o de Royal Transfer, desfrute de um traslado de primeira classe em ve\u00edculos de qualidade e motorista locais experientes.                                <\/div>\n                                                    <\/div>\n                    <\/div>\n                            <\/div>\n        <\/div>\n        \t\t\t\t<\/div>\n\t\t\t\t<\/div>\n\t\t\t\t\t<\/div>\n\t\t<\/div>\n\t\t\t\t\t<\/div>\n\t\t<\/section>\n\t\t\t\t\t<\/div>\n\t\t<\/div>\n\t\t\t\t\t<\/div>\n\t\t<\/div>\n\t\t\t\t<div class=\"elementor-section elementor-top-section elementor-element elementor-element-417fe45 elementor-section-stretched elementor-section-boxed elementor-section-height-default elementor-section-height-default\" data-id=\"417fe45\" data-element_type=\"section\" data-e-type=\"section\" data-settings=\"{&quot;stretch_section&quot;:&quot;section-stretched&quot;,&quot;background_background&quot;:&quot;classic&quot;}\">\n\t\t\t\t\t\t<div class=\"elementor-container elementor-column-gap-default\">\n\t\t\t\t\t<div class=\"elementor-column elementor-col-100 elementor-top-column elementor-element elementor-element-fb5ecf7\" data-id=\"fb5ecf7\" data-element_type=\"column\" data-e-type=\"column\">\n\t\t\t<div class=\"elementor-widget-wrap elementor-element-populated\">\n\t\t\t\t\t\t<div class=\"elementor-section elementor-inner-section elementor-element elementor-element-44bb05f elementor-section-boxed elementor-section-height-default elementor-section-height-default\" data-id=\"44bb05f\" data-element_type=\"section\" data-e-type=\"section\">\n\t\t\t\t\t\t<div class=\"elementor-container elementor-column-gap-default\">\n\t\t\t\t\t<div class=\"elementor-column elementor-col-50 elementor-inner-column elementor-element elementor-element-dbf726c\" data-id=\"dbf726c\" data-element_type=\"column\" data-e-type=\"column\">\n\t\t\t<div class=\"elementor-widget-wrap elementor-element-populated\">\n\t\t\t\t\t\t<div class=\"elementor-element elementor-element-37b7a15 elementor-widget elementor-widget-heading\" data-id=\"37b7a15\" data-element_type=\"widget\" data-e-type=\"widget\" data-widget_type=\"heading.default\">\n\t\t\t\t<div class=\"elementor-widget-container\">\n\t\t\t\t\t<span class=\"elementor-heading-title elementor-size-default\">N\u00e3o hesite em nos contatar!<\/span>\t\t\t\t<\/div>\n\t\t\t\t<\/div>\n\t\t\t\t<div class=\"elementor-element elementor-element-84b916d elementor-widget elementor-widget-heading\" data-id=\"84b916d\" data-element_type=\"widget\" data-e-type=\"widget\" data-widget_type=\"heading.default\">\n\t\t\t\t<div class=\"elementor-widget-container\">\n\t\t\t\t\t<h3 class=\"elementor-heading-title elementor-size-default\">Respondemos<\/h3>\t\t\t\t<\/div>\n\t\t\t\t<\/div>\n\t\t\t\t<div class=\"elementor-element elementor-element-4e53eff elementor-widget elementor-widget-heading\" data-id=\"4e53eff\" data-element_type=\"widget\" data-e-type=\"widget\" data-widget_type=\"heading.default\">\n\t\t\t\t<div class=\"elementor-widget-container\">\n\t\t\t\t\t<h3 class=\"elementor-heading-title elementor-size-default\">cada uma de<\/h3>\t\t\t\t<\/div>\n\t\t\t\t<\/div>\n\t\t\t\t<div class=\"elementor-element elementor-element-fd43146 elementor-widget elementor-widget-heading\" data-id=\"fd43146\" data-element_type=\"widget\" data-e-type=\"widget\" data-widget_type=\"heading.default\">\n\t\t\t\t<div class=\"elementor-widget-container\">\n\t\t\t\t\t<h3 class=\"elementor-heading-title elementor-size-default\">nossas mensagens<\/h3>\t\t\t\t<\/div>\n\t\t\t\t<\/div>\n\t\t\t\t<div class=\"elementor-element elementor-element-469a81e elementor-widget elementor-widget-heading\" data-id=\"469a81e\" data-element_type=\"widget\" data-e-type=\"widget\" data-widget_type=\"heading.default\">\n\t\t\t\t<div class=\"elementor-widget-container\">\n\t\t\t\t\t<p class=\"elementor-heading-title elementor-size-default\">Estamos comprometidos com um servi\u00e7o \npremium, de qualidade, diferenciado e com muito senso humano.<\/p>\t\t\t\t<\/div>\n\t\t\t\t<\/div>\n\t\t\t\t<div class=\"elementor-element elementor-element-aef3a57 elementor-shape-circle e-grid-align-left elementor-grid-0 elementor-widget elementor-widget-social-icons\" data-id=\"aef3a57\" data-element_type=\"widget\" data-e-type=\"widget\" data-widget_type=\"social-icons.default\">\n\t\t\t\t<div class=\"elementor-widget-container\">\n\t\t\t\t\t\t\t<div class=\"elementor-social-icons-wrapper elementor-grid\" role=\"list\">\n\t\t\t\t\t\t\t<span class=\"elementor-grid-item\" role=\"listitem\">\n\t\t\t\t\t<a class=\"elementor-icon elementor-social-icon elementor-social-icon-facebook-f elementor-repeater-item-5751355\" href=\"https:\/\/www.facebook.com\/royalsaloonairportviplounge\/\" target=\"_blank\" rel=\"noopener\">\n\t\t\t\t\t\t<span class=\"elementor-screen-only\">Facebook-f<\/span>\n\t\t\t\t\t\t<i aria-hidden=\"true\" class=\"fab fa-facebook-f\"><\/i>\t\t\t\t\t<\/a>\n\t\t\t\t<\/span>\n\t\t\t\t\t\t\t<span class=\"elementor-grid-item\" role=\"listitem\">\n\t\t\t\t\t<a class=\"elementor-icon elementor-social-icon elementor-social-icon-instagram elementor-repeater-item-a58e428\" href=\"https:\/\/www.instagram.com\/tocumenroyalsaloonvip\/\" target=\"_blank\" rel=\"noopener\">\n\t\t\t\t\t\t<span class=\"elementor-screen-only\">Instagram<\/span>\n\t\t\t\t\t\t<i aria-hidden=\"true\" class=\"fab fa-instagram\"><\/i>\t\t\t\t\t<\/a>\n\t\t\t\t<\/span>\n\t\t\t\t\t<\/div>\n\t\t\t\t\t\t<\/div>\n\t\t\t\t<\/div>\n\t\t\t\t\t<\/div>\n\t\t<\/div>\n\t\t\t\t<div class=\"elementor-column elementor-col-50 elementor-inner-column elementor-element elementor-element-da790da\" data-id=\"da790da\" data-element_type=\"column\" data-e-type=\"column\">\n\t\t\t<div class=\"elementor-widget-wrap elementor-element-populated\">\n\t\t\t\t\t\t<div class=\"elementor-element elementor-element-0761832 elementor-widget elementor-widget-shortcode\" data-id=\"0761832\" data-element_type=\"widget\" data-e-type=\"widget\" data-widget_type=\"shortcode.default\">\n\t\t\t\t<div class=\"elementor-widget-container\">\n\t\t\t\t\t\t\t<div class=\"elementor-shortcode\">\n<div class=\"wpcf7 no-js\" id=\"wpcf7-f1243-o1\" lang=\"en-US\" dir=\"ltr\" data-wpcf7-id=\"1243\">\n<div class=\"screen-reader-response\"><p role=\"status\" aria-live=\"polite\" aria-atomic=\"true\"><\/p> <ul><\/ul><\/div>\n<form action=\"\/br\/wp-json\/wp\/v2\/pages\/1547#wpcf7-f1243-o1\" method=\"post\" class=\"wpcf7-form init\" aria-label=\"Contact form\" novalidate=\"novalidate\" data-status=\"init\">\n<fieldset class=\"hidden-fields-container\"><input type=\"hidden\" name=\"_wpcf7\" value=\"1243\" \/><input type=\"hidden\" name=\"_wpcf7_version\" value=\"6.1.5\" \/><input type=\"hidden\" name=\"_wpcf7_locale\" value=\"en_US\" \/><input type=\"hidden\" name=\"_wpcf7_unit_tag\" value=\"wpcf7-f1243-o1\" \/><input type=\"hidden\" name=\"_wpcf7_container_post\" value=\"0\" \/><input type=\"hidden\" name=\"_wpcf7_posted_data_hash\" value=\"\" \/><input type=\"hidden\" name=\"_wpcf7_recaptcha_response\" value=\"\" \/>\n<\/fieldset>\n<div class=\"contact-form-area\">\n                                <div class=\"row justify-content-center mb-20-none\">\n                                    <div class=\"col-xl-6 col-lg-6 form-group\">\n                                        <label class=\"icon\"><i class=\"flaticon-user-1\"><\/i><\/label>\n                                        <span class=\"wpcf7-form-control-wrap\" data-name=\"text-685\"><input size=\"40\" maxlength=\"400\" class=\"wpcf7-form-control wpcf7-text wpcf7-validates-as-required form--control\" aria-required=\"true\" aria-invalid=\"false\" placeholder=\"Nome e Sobrenome*\" value=\"\" type=\"text\" name=\"text-685\" \/><\/span> \n                                    <\/div>\n                                     <div class=\"col-xl-6 col-lg-6 form-group\">\n                                        <label class=\"icon\"><i class=\"flaticon-user-2\"><\/i><\/label>\n                                        <span class=\"wpcf7-form-control-wrap\" data-name=\"text-686\"><input size=\"40\" maxlength=\"400\" class=\"wpcf7-form-control wpcf7-text wpcf7-validates-as-required form--control\" aria-required=\"true\" aria-invalid=\"false\" placeholder=\"Nacionalidade*\" value=\"\" type=\"text\" name=\"text-686\" \/><\/span> \n                                    <\/div>\n                                    <div class=\"col-xl-6 col-lg-6 form-group\">\n                                        <label class=\"icon\"><i class=\"flaticon-email\"><\/i><\/label>\n                                        <span class=\"wpcf7-form-control-wrap\" data-name=\"email-413\"><input size=\"40\" maxlength=\"400\" class=\"wpcf7-form-control wpcf7-email wpcf7-validates-as-required wpcf7-text wpcf7-validates-as-email form--control\" aria-required=\"true\" aria-invalid=\"false\" placeholder=\"Email*\" value=\"\" type=\"email\" name=\"email-413\" \/><\/span>\n                                    <\/div>\n                                    <div class=\"col-xl-6 col-lg-6 form-group\">\n                                        <label class=\"icon\"><i class=\"flaticon-phone\"><\/i><\/label>\n                                        <span class=\"wpcf7-form-control-wrap\" data-name=\"phonetext-683\"><input size=\"40\" class=\"wpcf7-form-control wpcf7-phonetext wpcf7-text wpcf7-validates-as-phonetext form--control\" aria-invalid=\"false\" placeholder=\"Celular*\" value=\"\" type=\"text\" name=\"phonetext-683\" \/><input type=\"hidden\" name=\"phonetext-683-country-code\" class=\"wpcf7-phonetext-country-code\" \/><\/span>\n                                    <\/div>\n                                    <div class=\"col-lg-12 form-group\">\n                                        <label class=\"icon\"><i class=\"flaticon-pencil\"><\/i><\/label>\n                                       <span class=\"wpcf7-form-control-wrap\" data-name=\"textarea-959\"><textarea cols=\"40\" rows=\"10\" maxlength=\"2000\" class=\"wpcf7-form-control wpcf7-textarea wpcf7-validates-as-required form--control\" aria-required=\"true\" aria-invalid=\"false\" placeholder=\"Mensagem*\" name=\"textarea-959\"><\/textarea><\/span>\n                                    <\/div>\n                                    <div class=\"col-lg-12 form-group\">\n                                      <button type=\"submit\" class=\"wpcf7-submit btn--base\">Enviar Mensagem<i class=\"flaticon-black-plane ml-2\"><\/i><\/button>\n                                    <\/div>\n                                <\/div>\n                            <\/div><div class=\"wpcf7-response-output\" aria-hidden=\"true\"><\/div>\n<\/form>\n<\/div>\n<\/div>\n\t\t\t\t\t\t<\/div>\n\t\t\t\t<\/div>\n\t\t\t\t\t<\/div>\n\t\t<\/div>\n\t\t\t\t\t<\/div>\n\t\t<\/div>\n\t\t\t\t\t<\/div>\n\t\t<\/div>\n\t\t\t\t\t<\/div>\n\t\t<\/div>\n\t\t\t\t<\/div>\n\t\t","protected":false},"excerpt":{"rendered":"<p>Somos muito mais do que uma sala VIP Viva cada momento da sua viagem com a exclusividade que voc\u00ea merece! Fa\u00e7a da sua passagem pelo aeroporto uma experi\u00eancia mais r\u00e1pida e eficiente com nossos servi\u00e7os preferenciais para chegadas, partidas e conex\u00f5es Onde est\u00e1 localizada a SALA VIP \/ TOCUMEN ROYAL SALOON? Encontre nossa sala no<\/p>\n","protected":false},"author":1,"featured_media":0,"parent":0,"menu_order":0,"comment_status":"closed","ping_status":"closed","template":"","meta":{"_blockly_fonts_attr":"","footnotes":""},"class_list":["post-1547","page","type-page","status-publish","hentry"],"_links":{"self":[{"href":"https:\/\/tocumenroyalsaloon.com\/br\/wp-json\/wp\/v2\/pages\/1547","targetHints":{"allow":["GET"]}}],"collection":[{"href":"https:\/\/tocumenroyalsaloon.com\/br\/wp-json\/wp\/v2\/pages"}],"about":[{"href":"https:\/\/tocumenroyalsaloon.com\/br\/wp-json\/wp\/v2\/types\/page"}],"author":[{"embeddable":true,"href":"https:\/\/tocumenroyalsaloon.com\/br\/wp-json\/wp\/v2\/users\/1"}],"replies":[{"embeddable":true,"href":"https:\/\/tocumenroyalsaloon.com\/br\/wp-json\/wp\/v2\/comments?post=1547"}],"version-history":[{"count":24,"href":"https:\/\/tocumenroyalsaloon.com\/br\/wp-json\/wp\/v2\/pages\/1547\/revisions"}],"predecessor-version":[{"id":6705,"href":"https:\/\/tocumenroyalsaloon.com\/br\/wp-json\/wp\/v2\/pages\/1547\/revisions\/6705"}],"wp:attachment":[{"href":"https:\/\/tocumenroyalsaloon.com\/br\/wp-json\/wp\/v2\/media?parent=1547"}],"curies":[{"name":"wp","href":"https:\/\/api.w.org\/{rel}","templated":true}]}}