{"id":504,"date":"2023-12-18T02:30:49","date_gmt":"2023-12-18T01:30:49","guid":{"rendered":"https:\/\/tocumenroyalsaloon.com\/reservas?page_id=504"},"modified":"2025-12-03T18:25:46","modified_gmt":"2025-12-03T17:25:46","slug":"inicio-2","status":"publish","type":"page","link":"https:\/\/tocumenroyalsaloon.com\/reservas\/br\/","title":{"rendered":"Inicio"},"content":{"rendered":"<div data-elementor-type=\"wp-page\" data-elementor-id=\"504\" class=\"elementor elementor-504\" data-elementor-post-type=\"page\">\n\t\t\t\t\t\t<section class=\"elementor-section elementor-top-section elementor-element elementor-element-92f1063 elementor-section-full_width elementor-section-stretched elementor-section-height-default elementor-section-height-default\" data-id=\"92f1063\" data-element_type=\"section\" data-e-type=\"section\" data-settings=\"{&quot;stretch_section&quot;:&quot;section-stretched&quot;}\">\n\t\t\t\t\t\t<div class=\"elementor-container elementor-column-gap-no\">\n\t\t\t\t\t<div class=\"elementor-column elementor-col-100 elementor-top-column elementor-element elementor-element-cc62b56\" data-id=\"cc62b56\" data-element_type=\"column\" data-e-type=\"column\">\n\t\t\t<div class=\"elementor-widget-wrap elementor-element-populated\">\n\t\t\t\t\t\t<div class=\"elementor-element elementor-element-0439571 elementor-widget elementor-widget-shortcode\" data-id=\"0439571\" data-element_type=\"widget\" data-e-type=\"widget\" data-widget_type=\"shortcode.default\">\n\t\t\t\t<div class=\"elementor-widget-container\">\n\t\t\t\t\t\t\t<div class=\"elementor-shortcode\">    <!-- data-no-translation evita que TranslatePress reescriba los enlaces internos -->\n    <div class=\"floating-language-switcher\" data-no-translation=\"true\">\n        <ul>\n                            <li>\n                    <a href=\"https:\/\/tocumenroyalsaloon.com\/reservas\/br\/wp-json\/wp\/v2\/pages\/504\" rel=\"alternate\" hreflang=\"es_ES\">\n                                                    <img decoding=\"async\" src=\"https:\/\/tocumenroyalsaloon.com\/reservas\/wp-content\/plugins\/translatepress-multilingual\/assets\/images\/flags\/es_ES.png\" alt=\"Spanish\" title=\"Spanish\" width=\"32\" height=\"auto\">\n                                            <\/a>\n                <\/li>\n                            <li>\n                    <a href=\"https:\/\/tocumenroyalsaloon.com\/reservas\/br\/wp-json\/wp\/v2\/pages\/504\" rel=\"alternate\" hreflang=\"en_US\">\n                                                    <img decoding=\"async\" src=\"https:\/\/tocumenroyalsaloon.com\/reservas\/wp-content\/plugins\/translatepress-multilingual\/assets\/images\/flags\/en_US.png\" alt=\"English\" title=\"English\" width=\"32\" height=\"auto\">\n                                            <\/a>\n                <\/li>\n                            <li>\n                    <a href=\"https:\/\/tocumenroyalsaloon.com\/reservas\/br\/wp-json\/wp\/v2\/pages\/504\" rel=\"alternate\" hreflang=\"pt_BR\">\n                                                    <img decoding=\"async\" src=\"https:\/\/tocumenroyalsaloon.com\/reservas\/wp-content\/plugins\/translatepress-multilingual\/assets\/images\/flags\/pt_BR.png\" alt=\"Portuguese\" title=\"Portuguese\" width=\"32\" height=\"auto\">\n                                            <\/a>\n                <\/li>\n                    <\/ul>\n    <\/div>\n\n    <style>\n        .floating-language-switcher { position: fixed; top: 75%; right: 0; transform: translateY(-50%); background: #fff; padding: 10px; border-radius: 8px 0 0 8px; box-shadow: 0 0 10px rgba(0,0,0,.2); z-index:9999; }\n        .floating-language-switcher ul { list-style:none; margin:0; padding:0; }\n        .floating-language-switcher li { margin-bottom:10px; }\n        .floating-language-switcher img { display:block; width:32px; height:auto; }\n    <\/style>\n    <\/div>\n\t\t\t\t\t\t<\/div>\n\t\t\t\t<\/div>\n\t\t\t\t<section class=\"elementor-section elementor-inner-section elementor-element elementor-element-bbe867f elementor-section-boxed elementor-section-height-default elementor-section-height-default\" data-id=\"bbe867f\" data-element_type=\"section\" data-e-type=\"section\" data-settings=\"{&quot;background_background&quot;:&quot;classic&quot;}\">\n\t\t\t\t\t\t\t<div class=\"elementor-background-overlay\"><\/div>\n\t\t\t\t\t\t\t<div class=\"elementor-container elementor-column-gap-default\">\n\t\t\t\t\t<div class=\"elementor-column elementor-col-100 elementor-inner-column elementor-element elementor-element-d19bf7a\" data-id=\"d19bf7a\" data-element_type=\"column\" data-e-type=\"column\">\n\t\t\t<div class=\"elementor-widget-wrap elementor-element-populated\">\n\t\t\t\t\t\t<div class=\"elementor-element elementor-element-5029888 elementor-widget elementor-widget-heading\" data-id=\"5029888\" data-element_type=\"widget\" data-e-type=\"widget\" data-widget_type=\"heading.default\">\n\t\t\t\t<div class=\"elementor-widget-container\">\n\t\t\t\t\t<h2 class=\"elementor-heading-title elementor-size-default\">Bem-vindo ao nosso portal de reservas<\/h2>\t\t\t\t<\/div>\n\t\t\t\t<\/div>\n\t\t\t\t<div class=\"elementor-element elementor-element-d941394 elementor-widget elementor-widget-text-editor\" data-id=\"d941394\" data-element_type=\"widget\" data-e-type=\"widget\" data-widget_type=\"text-editor.default\">\n\t\t\t\t<div class=\"elementor-widget-container\">\n\t\t\t\t\t\t\t\t\t<p>Se voc\u00ea contratar nossos servi\u00e7os pela primeira vez: Registre-se como \u201cNovo cliente\u201d<\/p>\t\t\t\t\t\t\t\t<\/div>\n\t\t\t\t<\/div>\n\t\t\t\t<div class=\"elementor-element elementor-element-112806a elementor-widget elementor-widget-shortcode\" data-id=\"112806a\" data-element_type=\"widget\" data-e-type=\"widget\" data-widget_type=\"shortcode.default\">\n\t\t\t\t<div class=\"elementor-widget-container\">\n\t\t\t\t\t\t\t<div class=\"elementor-shortcode\">    <!-- data-no-translation evita que TranslatePress reescriba los enlaces internos -->\n    <div class=\"floating-language-switcher\" data-no-translation=\"true\">\n        <ul>\n                            <li>\n                    <a href=\"https:\/\/tocumenroyalsaloon.com\/reservas\/br\/wp-json\/wp\/v2\/pages\/504\" rel=\"alternate\" hreflang=\"es_ES\">\n                                                    <img decoding=\"async\" src=\"https:\/\/tocumenroyalsaloon.com\/reservas\/wp-content\/plugins\/translatepress-multilingual\/assets\/images\/flags\/es_ES.png\" alt=\"Spanish\" title=\"Spanish\" width=\"32\" height=\"auto\">\n                                            <\/a>\n                <\/li>\n                            <li>\n                    <a href=\"https:\/\/tocumenroyalsaloon.com\/reservas\/br\/wp-json\/wp\/v2\/pages\/504\" rel=\"alternate\" hreflang=\"en_US\">\n                                                    <img decoding=\"async\" src=\"https:\/\/tocumenroyalsaloon.com\/reservas\/wp-content\/plugins\/translatepress-multilingual\/assets\/images\/flags\/en_US.png\" alt=\"English\" title=\"English\" width=\"32\" height=\"auto\">\n                                            <\/a>\n                <\/li>\n                            <li>\n                    <a href=\"https:\/\/tocumenroyalsaloon.com\/reservas\/br\/wp-json\/wp\/v2\/pages\/504\" rel=\"alternate\" hreflang=\"pt_BR\">\n                                                    <img decoding=\"async\" src=\"https:\/\/tocumenroyalsaloon.com\/reservas\/wp-content\/plugins\/translatepress-multilingual\/assets\/images\/flags\/pt_BR.png\" alt=\"Portuguese\" title=\"Portuguese\" width=\"32\" height=\"auto\">\n                                            <\/a>\n                <\/li>\n                    <\/ul>\n    <\/div>\n\n    <style>\n        .floating-language-switcher { position: fixed; top: 75%; right: 0; transform: translateY(-50%); background: #fff; padding: 10px; border-radius: 8px 0 0 8px; box-shadow: 0 0 10px rgba(0,0,0,.2); z-index:9999; }\n        .floating-language-switcher ul { list-style:none; margin:0; padding:0; }\n        .floating-language-switcher li { margin-bottom:10px; }\n        .floating-language-switcher img { display:block; width:32px; height:auto; }\n    <\/style>\n    <\/div>\n\t\t\t\t\t\t<\/div>\n\t\t\t\t<\/div>\n\t\t\t\t\t<\/div>\n\t\t<\/div>\n\t\t\t\t\t<\/div>\n\t\t<\/section>\n\t\t\t\t<section class=\"elementor-section elementor-inner-section elementor-element elementor-element-3da39fb elementor-section-boxed elementor-section-height-default elementor-section-height-default\" data-id=\"3da39fb\" data-element_type=\"section\" data-e-type=\"section\">\n\t\t\t\t\t\t<div class=\"elementor-container elementor-column-gap-default\">\n\t\t\t\t\t<div class=\"elementor-column elementor-col-50 elementor-inner-column elementor-element elementor-element-18e1b1f\" data-id=\"18e1b1f\" data-element_type=\"column\" data-e-type=\"column\" data-settings=\"{&quot;background_background&quot;:&quot;classic&quot;}\">\n\t\t\t<div class=\"elementor-widget-wrap elementor-element-populated\">\n\t\t\t\t\t\t<div class=\"elementor-element elementor-element-ca0758c elementor-cta--skin-classic elementor-animated-content elementor-bg-transform elementor-bg-transform-zoom-in elementor-widget elementor-widget-call-to-action\" data-id=\"ca0758c\" data-element_type=\"widget\" data-e-type=\"widget\" data-widget_type=\"call-to-action.default\">\n\t\t\t\t<div class=\"elementor-widget-container\">\n\t\t\t\t\t\t\t<a class=\"elementor-cta\" href=\"\/reservas\/br\/nuevo-cliente\/\">\n\t\t\t\t\t<div class=\"elementor-cta__bg-wrapper\">\n\t\t\t\t<div class=\"elementor-cta__bg elementor-bg\" style=\"background-image: url(https:\/\/tocumenroyalsaloon.com\/reservas\/wp-content\/uploads\/2023\/10\/Enero23-TRS-085.jpg);\" role=\"img\" aria-label=\"Enero23-TRS-085.jpg\"><\/div>\n\t\t\t\t<div class=\"elementor-cta__bg-overlay\"><\/div>\n\t\t\t<\/div>\n\t\t\t\t\t\t\t<div class=\"elementor-cta__content\">\n\t\t\t\t\n\t\t\t\t\n\t\t\t\t\n\t\t\t\t\t\t\t\t\t<div class=\"elementor-cta__button-wrapper elementor-cta__content-item elementor-content-item\">\n\t\t\t\t\t<span class=\"elementor-cta__button elementor-button elementor-size-\">\n\t\t\t\t\t\tFormul\u00e1rio novo cliente\t\t\t\t\t<\/span>\n\t\t\t\t\t<\/div>\n\t\t\t\t\t\t\t<\/div>\n\t\t\t\t\t\t<\/a>\n\t\t\t\t\t\t<\/div>\n\t\t\t\t<\/div>\n\t\t\t\t\t<\/div>\n\t\t<\/div>\n\t\t\t\t<div class=\"elementor-column elementor-col-50 elementor-inner-column elementor-element elementor-element-0d01008\" data-id=\"0d01008\" data-element_type=\"column\" data-e-type=\"column\" data-settings=\"{&quot;background_background&quot;:&quot;classic&quot;}\">\n\t\t\t<div class=\"elementor-widget-wrap elementor-element-populated\">\n\t\t\t\t\t\t<div class=\"elementor-element elementor-element-80cb769 elementor-cta--skin-classic elementor-animated-content elementor-bg-transform elementor-bg-transform-zoom-in elementor-widget elementor-widget-call-to-action\" data-id=\"80cb769\" data-element_type=\"widget\" data-e-type=\"widget\" data-widget_type=\"call-to-action.default\">\n\t\t\t\t<div class=\"elementor-widget-container\">\n\t\t\t\t\t\t\t<a class=\"elementor-cta\" href=\"\/reservas\/br\/reservas-3\/\">\n\t\t\t\t\t<div class=\"elementor-cta__bg-wrapper\">\n\t\t\t\t<div class=\"elementor-cta__bg elementor-bg\" style=\"background-image: url(https:\/\/tocumenroyalsaloon.com\/reservas\/wp-content\/uploads\/2024\/01\/Abril23-TRS-064.webp);\" role=\"img\" aria-label=\"Abril23-TRS-064\"><\/div>\n\t\t\t\t<div class=\"elementor-cta__bg-overlay\"><\/div>\n\t\t\t<\/div>\n\t\t\t\t\t\t\t<div class=\"elementor-cta__content\">\n\t\t\t\t\n\t\t\t\t\n\t\t\t\t\n\t\t\t\t\t\t\t\t\t<div class=\"elementor-cta__button-wrapper elementor-cta__content-item elementor-content-item\">\n\t\t\t\t\t<span class=\"elementor-cta__button elementor-button elementor-size-\">\n\t\t\t\t\t\tFormul\u00e1rio de reservas\t\t\t\t\t<\/span>\n\t\t\t\t\t<\/div>\n\t\t\t\t\t\t\t<\/div>\n\t\t\t\t\t\t<\/a>\n\t\t\t\t\t\t<\/div>\n\t\t\t\t<\/div>\n\t\t\t\t\t<\/div>\n\t\t<\/div>\n\t\t\t\t\t<\/div>\n\t\t<\/section>\n\t\t\t\t\t<\/div>\n\t\t<\/div>\n\t\t\t\t\t<\/div>\n\t\t<\/section>\n\t\t\t\t<section class=\"elementor-section elementor-top-section elementor-element elementor-element-bdf6f55 elementor-section-boxed elementor-section-height-default elementor-section-height-default\" data-id=\"bdf6f55\" data-element_type=\"section\" data-e-type=\"section\">\n\t\t\t\t\t\t<div class=\"elementor-container elementor-column-gap-default\">\n\t\t\t\t\t<div class=\"elementor-column elementor-col-100 elementor-top-column elementor-element elementor-element-d783126\" data-id=\"d783126\" data-element_type=\"column\" data-e-type=\"column\">\n\t\t\t<div class=\"elementor-widget-wrap elementor-element-populated\">\n\t\t\t\t\t\t<div class=\"elementor-element elementor-element-38a060a elementor-widget elementor-widget-image\" data-id=\"38a060a\" data-element_type=\"widget\" data-e-type=\"widget\" data-widget_type=\"image.default\">\n\t\t\t\t<div class=\"elementor-widget-container\">\n\t\t\t\t\t\t\t\t\t\t\t\t\t\t\t<img fetchpriority=\"high\" decoding=\"async\" width=\"552\" height=\"191\" src=\"https:\/\/tocumenroyalsaloon.com\/reservas\/wp-content\/uploads\/2023\/10\/TRS_LOGO2023_1-01.png\" class=\"attachment-full size-full wp-image-74\" alt=\"\" srcset=\"https:\/\/tocumenroyalsaloon.com\/reservas\/wp-content\/uploads\/2023\/10\/TRS_LOGO2023_1-01.png 552w, https:\/\/tocumenroyalsaloon.com\/reservas\/wp-content\/uploads\/2023\/10\/TRS_LOGO2023_1-01-300x104.png 300w\" sizes=\"(max-width: 552px) 100vw, 552px\" \/>\t\t\t\t\t\t\t\t\t\t\t\t\t\t\t<\/div>\n\t\t\t\t<\/div>\n\t\t\t\t<div class=\"elementor-element elementor-element-5cf7bf6 elementor-widget elementor-widget-heading\" data-id=\"5cf7bf6\" data-element_type=\"widget\" data-e-type=\"widget\" data-widget_type=\"heading.default\">\n\t\t\t\t<div class=\"elementor-widget-container\">\n\t\t\t\t\t<h2 class=\"elementor-heading-title elementor-size-default\">Assist\u00eancia e servi\u00e7o personalizado para executivos, clientes corporativos, pacientes de turismo m\u00e9dico, viajantes da terceira idade e crian\u00e7as menores que viajam sozinhas<\/h2>\t\t\t\t<\/div>\n\t\t\t\t<\/div>\n\t\t\t\t<div class=\"elementor-element elementor-element-e4fd2d0 elementor-widget elementor-widget-heading\" data-id=\"e4fd2d0\" data-element_type=\"widget\" data-e-type=\"widget\" data-widget_type=\"heading.default\">\n\t\t\t\t<div class=\"elementor-widget-container\">\n\t\t\t\t\t<h2 class=\"elementor-heading-title elementor-size-default\">Desde 1992<\/h2>\t\t\t\t<\/div>\n\t\t\t\t<\/div>\n\t\t\t\t\t<\/div>\n\t\t<\/div>\n\t\t\t\t\t<\/div>\n\t\t<\/section>\n\t\t\t\t<\/div>","protected":false},"excerpt":{"rendered":"<p>Bienvenido a nuestro portal de reservas Si contratas por primera vez nuestros servicios: Reg\u00edstrate como \u00abNuevo cliente\u00bb Formulario nuevo cliente Formulario de reservas Asistencia y servicio personalizado para ejecutivos, clientes corporativos, pacientes de turismo m\u00e9dico, viajeros de tercera edad, y ni\u00f1os menores que viajan solos Desde 1992<\/p>","protected":false},"author":1,"featured_media":0,"parent":0,"menu_order":0,"comment_status":"closed","ping_status":"closed","template":"","meta":{"_joinchat":[],"footnotes":""},"class_list":["post-504","page","type-page","status-publish","hentry"],"_links":{"self":[{"href":"https:\/\/tocumenroyalsaloon.com\/reservas\/br\/wp-json\/wp\/v2\/pages\/504","targetHints":{"allow":["GET"]}}],"collection":[{"href":"https:\/\/tocumenroyalsaloon.com\/reservas\/br\/wp-json\/wp\/v2\/pages"}],"about":[{"href":"https:\/\/tocumenroyalsaloon.com\/reservas\/br\/wp-json\/wp\/v2\/types\/page"}],"author":[{"embeddable":true,"href":"https:\/\/tocumenroyalsaloon.com\/reservas\/br\/wp-json\/wp\/v2\/users\/1"}],"replies":[{"embeddable":true,"href":"https:\/\/tocumenroyalsaloon.com\/reservas\/br\/wp-json\/wp\/v2\/comments?post=504"}],"version-history":[{"count":73,"href":"https:\/\/tocumenroyalsaloon.com\/reservas\/br\/wp-json\/wp\/v2\/pages\/504\/revisions"}],"predecessor-version":[{"id":658,"href":"https:\/\/tocumenroyalsaloon.com\/reservas\/br\/wp-json\/wp\/v2\/pages\/504\/revisions\/658"}],"wp:attachment":[{"href":"https:\/\/tocumenroyalsaloon.com\/reservas\/br\/wp-json\/wp\/v2\/media?parent=504"}],"curies":[{"name":"wp","href":"https:\/\/api.w.org\/{rel}","templated":true}]}}